{"id":2089,"date":"2023-02-10T15:01:06","date_gmt":"2023-02-10T14:01:06","guid":{"rendered":"https:\/\/restaurant-transilvania.es\/acasa\/"},"modified":"2023-02-10T15:01:06","modified_gmt":"2023-02-10T14:01:06","slug":"acasa","status":"publish","type":"page","link":"https:\/\/restaurant-transilvania.es\/ro\/","title":{"rendered":"Acas\u0103"},"content":{"rendered":"<section class=\"page-head\"><h1><span>BINE A\u021aI VENIT! <\/span><\/h1><\/section>\n<p style=\"text-align: center;\"> Restaurantul Transilvania situat in Carrer Proven\u00e7a 99, Barcelona, deschide por\u021bile cu un concept nou, acela de a \u00eembina buc\u0103t\u0103ria tradi\u021bional\u0103 Rom\u00e2neasc\u0103 cu cea Interna\u021bional\u0103. Provocarea de a \u00eembina cele 2 buc\u0103t\u0103rii prin arta gastronomic\u0103, este \u021belul nostru. Satisfacem cerin\u021bele ambelor categorii de clien\u021bi, oferind preparate de cea mai \u00eenalt\u0103 calitate.<\/p>\n","protected":false},"excerpt":{"rendered":"<p>Restaurantul Transilvania situat in Carrer Proven\u00e7a 99, Barcelona, deschide por\u021bile cu un concept nou, acela de a \u00eembina buc\u0103t\u0103ria tradi\u021bional\u0103 Rom\u00e2neasc\u0103 cu cea Interna\u021bional\u0103. Provocarea de a \u00eembina cele 2 buc\u0103t\u0103rii prin arta gastronomic\u0103, este \u021belul nostru. Satisfacem cerin\u021bele ambelor categorii de clien\u021bi, oferind preparate de cea mai \u00eenalt\u0103 calitate.<\/p>\n","protected":false},"author":1,"featured_media":0,"parent":0,"menu_order":0,"comment_status":"closed","ping_status":"closed","template":"template-home.php","meta":{"ngg_post_thumbnail":0,"footnotes":""},"class_list":["post-2089","page","type-page","status-publish","hentry","clearfix"],"_links":{"self":[{"href":"https:\/\/restaurant-transilvania.es\/ro\/wp-json\/wp\/v2\/pages\/2089","targetHints":{"allow":["GET"]}}],"collection":[{"href":"https:\/\/restaurant-transilvania.es\/ro\/wp-json\/wp\/v2\/pages"}],"about":[{"href":"https:\/\/restaurant-transilvania.es\/ro\/wp-json\/wp\/v2\/types\/page"}],"author":[{"embeddable":true,"href":"https:\/\/restaurant-transilvania.es\/ro\/wp-json\/wp\/v2\/users\/1"}],"replies":[{"embeddable":true,"href":"https:\/\/restaurant-transilvania.es\/ro\/wp-json\/wp\/v2\/comments?post=2089"}],"version-history":[{"count":0,"href":"https:\/\/restaurant-transilvania.es\/ro\/wp-json\/wp\/v2\/pages\/2089\/revisions"}],"wp:attachment":[{"href":"https:\/\/restaurant-transilvania.es\/ro\/wp-json\/wp\/v2\/media?parent=2089"}],"curies":[{"name":"wp","href":"https:\/\/api.w.org\/{rel}","templated":true}]}}