{"id":2096,"date":"2023-02-11T12:36:14","date_gmt":"2023-02-11T11:36:14","guid":{"rendered":"https:\/\/restaurant-transilvania.es\/despre-noi\/"},"modified":"2023-04-05T16:17:09","modified_gmt":"2023-04-05T14:17:09","slug":"despre-noi","status":"publish","type":"page","link":"https:\/\/restaurant-transilvania.es\/ro\/despre-noi\/","title":{"rendered":"Despre noi"},"content":{"rendered":"<h2 class=\"title-heading\" style=\"text-align: center;\">Filozofia noastr\u0103<\/h2>\n<p>Gastronomia tradi\u021bional\u0103 rom\u00e2neasc\u0103, serviciul de calitate \u0219i buna dispozi\u021bie demonstreaz\u0103 buna func\u021bionare a restaurantului.<\/p>\n<p style=\"text-align: center;\">\n<h3 style=\"text-align: center;\"><\/h3>\n<p>&nbsp;<\/p>\n","protected":false},"excerpt":{"rendered":"<p>Filozofia noastr\u0103 Gastronomia tradi\u021bional\u0103 rom\u00e2neasc\u0103, serviciul de calitate \u0219i buna dispozi\u021bie demonstreaz\u0103 buna func\u021bionare a restaurantului. &nbsp;<\/p>\n","protected":false},"author":1,"featured_media":0,"parent":0,"menu_order":0,"comment_status":"closed","ping_status":"closed","template":"","meta":{"ngg_post_thumbnail":0,"footnotes":""},"class_list":["post-2096","page","type-page","status-publish","hentry","clearfix"],"_links":{"self":[{"href":"https:\/\/restaurant-transilvania.es\/ro\/wp-json\/wp\/v2\/pages\/2096","targetHints":{"allow":["GET"]}}],"collection":[{"href":"https:\/\/restaurant-transilvania.es\/ro\/wp-json\/wp\/v2\/pages"}],"about":[{"href":"https:\/\/restaurant-transilvania.es\/ro\/wp-json\/wp\/v2\/types\/page"}],"author":[{"embeddable":true,"href":"https:\/\/restaurant-transilvania.es\/ro\/wp-json\/wp\/v2\/users\/1"}],"replies":[{"embeddable":true,"href":"https:\/\/restaurant-transilvania.es\/ro\/wp-json\/wp\/v2\/comments?post=2096"}],"version-history":[{"count":1,"href":"https:\/\/restaurant-transilvania.es\/ro\/wp-json\/wp\/v2\/pages\/2096\/revisions"}],"predecessor-version":[{"id":2097,"href":"https:\/\/restaurant-transilvania.es\/ro\/wp-json\/wp\/v2\/pages\/2096\/revisions\/2097"}],"wp:attachment":[{"href":"https:\/\/restaurant-transilvania.es\/ro\/wp-json\/wp\/v2\/media?parent=2096"}],"curies":[{"name":"wp","href":"https:\/\/api.w.org\/{rel}","templated":true}]}}