{"id":2102,"date":"2023-02-11T12:41:31","date_gmt":"2023-02-11T11:41:31","guid":{"rendered":"https:\/\/restaurant-transilvania.es\/evenimente\/"},"modified":"2023-04-05T16:26:46","modified_gmt":"2023-04-05T14:26:46","slug":"evenimente","status":"publish","type":"page","link":"https:\/\/restaurant-transilvania.es\/ro\/evenimente\/","title":{"rendered":"Evenimente"},"content":{"rendered":"<header class=\"post-head\">\n<h2 class=\"post-title\">Nun\u021bi, botezuri, petreceri sau zile de na\u0219tere<\/h2>\n<\/header>\n<p>Conteaz\u0103 pe noi \u00een organizarea \u0219i bun\u0103 desf\u0103\u0219urare a evenimentului t\u0103u fie nunt\u0103, botez sau o petrecere. Garant\u0103m ambian\u021ba pl\u0103cuta, m\u00e2ncare de calitate, servicii la cel mai \u00eenalt nivel.<\/p>\n<h4><\/h4>\n","protected":false},"excerpt":{"rendered":"<p>Nun\u021bi, botezuri, petreceri sau zile de na\u0219tere Conteaz\u0103 pe noi \u00een organizarea \u0219i bun\u0103 desf\u0103\u0219urare a evenimentului t\u0103u fie nunt\u0103, botez sau o petrecere. Garant\u0103m ambian\u021ba pl\u0103cuta, m\u00e2ncare de calitate, servicii la cel mai \u00eenalt nivel.<\/p>\n","protected":false},"author":1,"featured_media":0,"parent":0,"menu_order":0,"comment_status":"closed","ping_status":"closed","template":"template-events.php","meta":{"ngg_post_thumbnail":0,"footnotes":""},"class_list":["post-2102","page","type-page","status-publish","hentry","clearfix"],"_links":{"self":[{"href":"https:\/\/restaurant-transilvania.es\/ro\/wp-json\/wp\/v2\/pages\/2102","targetHints":{"allow":["GET"]}}],"collection":[{"href":"https:\/\/restaurant-transilvania.es\/ro\/wp-json\/wp\/v2\/pages"}],"about":[{"href":"https:\/\/restaurant-transilvania.es\/ro\/wp-json\/wp\/v2\/types\/page"}],"author":[{"embeddable":true,"href":"https:\/\/restaurant-transilvania.es\/ro\/wp-json\/wp\/v2\/users\/1"}],"replies":[{"embeddable":true,"href":"https:\/\/restaurant-transilvania.es\/ro\/wp-json\/wp\/v2\/comments?post=2102"}],"version-history":[{"count":1,"href":"https:\/\/restaurant-transilvania.es\/ro\/wp-json\/wp\/v2\/pages\/2102\/revisions"}],"predecessor-version":[{"id":2103,"href":"https:\/\/restaurant-transilvania.es\/ro\/wp-json\/wp\/v2\/pages\/2102\/revisions\/2103"}],"wp:attachment":[{"href":"https:\/\/restaurant-transilvania.es\/ro\/wp-json\/wp\/v2\/media?parent=2102"}],"curies":[{"name":"wp","href":"https:\/\/api.w.org\/{rel}","templated":true}]}}